{"id":5736,"date":"2021-05-24T19:01:58","date_gmt":"2021-05-24T17:01:58","guid":{"rendered":"https:\/\/www.niederpruem-gmbh.de\/?post_type=product&#038;p=5736"},"modified":"2021-05-24T19:13:43","modified_gmt":"2021-05-24T17:13:43","slug":"hmk-635-wl","status":"publish","type":"product","link":"https:\/\/www.niederpruem-gmbh.de\/?product=hmk-635-wl","title":{"rendered":"HMK 635 WL"},"content":{"rendered":"<div id=\"genel-bilgi\" class=\"tabs-content ui-tabs-panel ui-widget-content ui-corner-bottom\" role=\"tabpanel\" aria-labelledby=\"ui-id-1\" aria-hidden=\"false\">\n<p><strong>HMK 635 WL<\/strong><\/p>\n<div>Der HMK 635 WL erf\u00fcllt die Erwartungen seiner Benutzer mit Funktionen wie hoher Leistung, Vielseitigkeit, Bedienerkomfort und Sicherheit voll und ganz. Der Radlader HMK 635 WL wird h\u00e4ufig von Steinbruchunternehmen sowie Betonwerken f\u00fcr industrielle Anwendungen und \u00f6ffentliche Dienstleistungen sowie in vielen Bereichen mit unterschiedlichen Anbauger\u00e4ten eingesetzt und bietet produktive und effiziente Arbeitsm\u00f6glichkeiten. Der Hochleistungslader HMK 635 WL bietet eine hohe Ausbrechleistung und hervorragende Steuerungsm\u00f6glichkeiten in schwierigen Arbeitsbereichen.<\/div>\n<\/div>\n","protected":false},"excerpt":{"rendered":"<ul>\n<li>H\u00f6chstleistung: <strong> 210 kW &#8211; 282 HP<\/strong><\/li>\n<li>Schaufel-Grabkraft: <strong>17650 kgf<\/strong><\/li>\n<li>Schaufelkapazit\u00e4t: <strong>3.5 m\u00b3<\/strong><\/li>\n<li>Betriebsgewicht: <strong>20.600 kg<\/strong><\/li>\n<\/ul>\n","protected":false},"featured_media":5742,"comment_status":"closed","ping_status":"closed","template":"","meta":[],"_links":{"self":[{"href":"https:\/\/www.niederpruem-gmbh.de\/index.php?rest_route=\/wp\/v2\/product\/5736"}],"collection":[{"href":"https:\/\/www.niederpruem-gmbh.de\/index.php?rest_route=\/wp\/v2\/product"}],"about":[{"href":"https:\/\/www.niederpruem-gmbh.de\/index.php?rest_route=\/wp\/v2\/types\/product"}],"replies":[{"embeddable":true,"href":"https:\/\/www.niederpruem-gmbh.de\/index.php?rest_route=%2Fwp%2Fv2%2Fcomments&post=5736"}],"wp:featuredmedia":[{"embeddable":true,"href":"https:\/\/www.niederpruem-gmbh.de\/index.php?rest_route=\/wp\/v2\/media\/5742"}],"wp:attachment":[{"href":"https:\/\/www.niederpruem-gmbh.de\/index.php?rest_route=%2Fwp%2Fv2%2Fmedia&parent=5736"}],"curies":[{"name":"wp","href":"https:\/\/api.w.org\/{rel}","templated":true}]}}