{"id":5730,"date":"2021-05-24T20:40:09","date_gmt":"2021-05-24T18:40:09","guid":{"rendered":"https:\/\/www.niederpruem-gmbh.de\/?post_type=product&#038;p=5730"},"modified":"2021-05-24T20:40:09","modified_gmt":"2021-05-24T18:40:09","slug":"hmk-102b-supra","status":"publish","type":"product","link":"https:\/\/www.niederpruem-gmbh.de\/?product=hmk-102b-supra","title":{"rendered":"HMK 102B SUPRA"},"content":{"rendered":"<div id=\"genel-bilgi\" class=\"tabs-content ui-tabs-panel ui-widget-content ui-corner-bottom\" role=\"tabpanel\" aria-labelledby=\"ui-id-1\" aria-hidden=\"false\"><strong>HMK 102B SUPRA<\/strong><br \/>\n<img src=\"https:\/\/www.hidromek.com.tr\/upload\/UrunDuzSayfa\/HMK_Web_350x350_4_SUPRA_B.jpg\" alt=\"\" \/><\/p>\n<div><strong>DIE SUPRA SERIE ERF\u00dcLLT IHRE ERWARTUNGEN<\/strong><\/div>\n<div>\n<div><\/div>\n<div>\n<div>\n<div>Eine Maschine, die jeden einzelnen Tropfen Treibstoff nutzt, den Sie in Ihren Tank f\u00fcllen, und das h\u00f6chste Arbeits- und Aushubvolumen gew\u00e4hrleistet&#8230;<\/div>\n<div>\n<p>Komfort und Leistung unter h\u00e4rtesten Bedingungen&#8230;<\/p>\n<\/div>\n<div>Hohe Effizienz f\u00fcr den Fahrer, auch in den l\u00e4ngsten Arbeitszeiten &#8230;<\/div>\n<div><\/div>\n<\/div>\n<\/div>\n<div>\n<div><\/div>\n<div><strong>ENTWICKELT F\u00dcR INTENSIVEN GEBRAUCH.<\/strong><\/div>\n<div><\/div>\n<div>\n<div>\n<div>\n<p>Aushubarbeiten auf den h\u00e4rtesten B\u00f6den, Tonnen von Sand, Kies, Ger\u00f6ll und lange Arbeitsstunden &#8230;<\/p>\n<\/div>\n<div>\n<p>Ladearbeiten, Kanalaushub oder Brecharbeiten &#8230;<\/p>\n<\/div>\n<div>\n<p>Baggerlader der SUPRA-Serie meistern jede Arbeit, die Sie erledigen m\u00fcssen. Sie bieten eine komfortable Arbeitsumgebung und eine m\u00f6glichst einfache Bedienung bei harten Aufgaben und langen Arbeitszeiten.<\/p>\n<\/div>\n<div>Mit der SUPRA-Serie bleibt Ihre Maschine l\u00e4nger im Einsatz und ben\u00f6tigt weniger Zeit f\u00fcr Wartung und Reparatur. So steigern Sie die Effizienz.<\/div>\n<div><\/div>\n<\/div>\n<\/div>\n<div><\/div>\n<div>\n<div><em>* Spezifikationen und Ausr\u00fcstung k\u00f6nnen je nach Paket variieren.<\/em><\/div>\n<div><\/div>\n<div><strong>GER\u00c4UMIGER UND KOMFORTABLER\u2026<\/strong><\/div>\n<div><\/div>\n<p><img src=\"https:\/\/www.hidromek.com.tr\/upload\/UrunDuzSayfa\/HMK_Web_350x350_12_SUPRA.jpg\" alt=\"\" \/><\/p>\n<div><strong>Kabineninnenraum<\/strong><\/div>\n<div>\u2022 Opera-Steuerung<\/div>\n<div>\u2022 Luftgefederter Sitz<\/div>\n<div>\n<div>Einstellbare Steuerkonsole<\/div>\n<div>\u2022 Wasserbecken-Fu\u00dfmatten<\/div>\n<div>\u2022 Abnehmbare Deckel<\/div>\n<div>\u2022 K\u00fchlbox<\/div>\n<div>\u2022 Fortschrittliches Heiz- und K\u00fchlsystem (A \/ C)<\/div>\n<div>\u2022 Ablage am Dach<\/div>\n<div>\u2022 Ergonomisches und \u00e4sthetisches Brecher-Pedal<\/div>\n<div>\u2022 Monolithisches Heckfenster<\/div>\n<div>\u2022 Hydraulische Auslegersperre<\/div>\n<div>\u2022 Kabinenbau mit FOPS- und ROPS-Zertifikat<\/div>\n<div><\/div>\n<\/div>\n<div>\n<div><\/div>\n<div>\n<div>\n<p>MOTOR<\/p>\n<div>Der SUPRA-Serienmotor ist einer der sparsamsten und ausdauerndsten seiner Klasse. Der turbogeladene 4.400-cm\u00b3-Motor beh\u00e4lt auch bei niedrigen Drehzahlen ein hohes Drehmoment.<\/div>\n<div><strong>Vollautomatikgetriebe mit 6-Vorw\u00e4rts- und 3-R\u00fcckw\u00e4rtsg\u00e4ngen<br \/>\n<\/strong><\/p>\n<div>\n<div>\n<p>Das Vollautomatikgetriebe mit 6-Vorw\u00e4rts und 3-R\u00fcckw\u00e4rtsg\u00e4ngen der SUPRA-Serie erm\u00f6glicht eine sanfte Fahrt.\u00a0 Die optionale Drehmomentwandlersperre (lock-up) sorgt f\u00fcr einen sparsamen Treibstoffverbrauch, die im 5. und 6. Gang eingelegt wird.<\/p>\n<p>MSS (Bewegungsstabilisierungssystem)<\/p>\n<div>\n<p>Das optionale MSS (Motion Stabilizer System) dient als Sto\u00dfd\u00e4mpfer f\u00fcr die Hubzylinder. Durch die D\u00e4mpfung des Sto\u00dfes, der beim Einsatz einer vollen Baggerschaufel auf unebenem Gel\u00e4nde auftritt, bietet er eine komfortable Fahrt, die nicht nur sanft, sondern auch schnell ist.<\/p>\n<p>Schwerlast-Achsen<br \/>\nSchwerlast-Achsen wurden in der SUPRA-Serie sowohl im Hinblick auf den Lasttr\u00e4ger als auch auf die Lebensdauer verwendet.<\/p>\n<\/div>\n<\/div>\n<\/div>\n<\/div>\n<p>HOHE EFFIZIENZ, CLEVERE WAHL!<\/p>\n<div>\n<p><strong>Lastabh\u00e4ngige Hydraulikpumpe im Kolbentyp \/ Durchflussverteilung (Flowshare)<\/strong><\/p>\n<div>\n<div>\n<div>\n<div>Lastabh\u00e4ngige Hydraulikpumpe im Kolbentyp \/ Durchflussverteilung (Flowshare)<\/div>\n<div>Die optionale Hydraulikpumpe im Kolbentyp liefert so viel lastabh\u00e4ngige Hydraulikleistung, wie der Fahrer ben\u00f6tigt, und zwar unabh\u00e4ngig von der Menge der Last und der Motordrehzahl. Es funktioniert mit einer Effizienz von bis zu 95%.<\/div>\n<div><\/div>\n<div>Die optionalen FLOWSHARING-Ventile bieten eine hervorragende hydraulische Steuerung, unabh\u00e4ngig von der Menge der Last und den F\u00e4higkeiten des Bedienenden f\u00fcr verschiedene Feldarbeiten wie etwa Rohrverlegung und Kanalgrabungen.<\/div>\n<div><\/div>\n<div>Sie erm\u00f6glicht die gleichzeitige Bewegung des Auslegers, des Arms und der Schaufel auch bei niedrigen Drehzahlen und bietet die M\u00f6glichkeit, in l\u00e4rmgesch\u00fctzten Bereichen wie Krankenh\u00e4usern, Schulen und im Stadtzentrum zu arbeiten.<\/div>\n<div><\/div>\n<p>Durchfluss-Ladeventile<\/p>\n<div>\n<p>Als optionale Ausr\u00fcstung bieten Durchflussladeventile mit zus\u00e4tzlicher Regenerationsfunktion an den Ausleger- und Armleitungen eine effizientere Hydraulikleistung und verhindern die Kavitation.<\/p>\n<div>\n<p><strong>LSD: Sperrdifferential und Differenzialsperre<\/strong><\/p>\n<div>Die h\u00f6chste Zugkraft wird mit LSD (Sperrdifferenzial) an der Vorderachse und Differenzialsperre an der Hinterachse gew\u00e4hrleistet, um ein Schleudern auf kiesigen, schlammigen und vereisten Oberfl\u00e4chen zu verhindern. Somit wurde die Reifenlebensdauer, der Arbeitszyklus und die Kraftstoffeffizienz verbessert.<\/div>\n<\/div>\n<\/div>\n<\/div>\n<\/div>\n<\/div>\n<\/div>\n<\/div>\n<div>Dual-LCD-Display<\/div>\n<div><\/div>\n<div>\n<div>Bei herk\u00f6mmlichen Baggerlader-Kabinen muss der Bediener w\u00e4hrend er die Maschine in der Lade- und Aushubposition steuert, seinen Kopf um 90 \u00b0 nach rechts und links drehen, um die Anzeigen zu \u00fcberpr\u00fcfen.<\/div>\n<div><\/div>\n<div>In der SUPRA-Serie kann der Bediener die Anzeigen \u00fcber den LCD-Bildschirm im vorderen und hinteren Bereich \u00fcberpr\u00fcfen, w\u00e4hrend er sich in der Lade- und Aushubposition befindet. Somit kann der Bediener die Anzeigen leicht \u00fcberpr\u00fcfen, ohne seinen Blick von der Fahrtrichtung abzuwenden. Diese Arbeitsposition erm\u00f6glicht dem Fahrer, l\u00e4nger zu arbeiten, ohne an Nacken- und R\u00fcckenschmerzen zu leiden.<\/div>\n<div><\/div>\n<\/div>\n<div>\n<p>\u00dcBERLASSEN SIE DIE HARTE ARBEIT EINFACH SUPRA!Die SUPRA-Serie f\u00fcr h\u00e4rteste Arbeitsbedingungen<img src=\"https:\/\/www.hidromek.com.tr\/upload\/urunler\/102%20B%20Supra\/HMK_Web_350x350_30.jpg\" alt=\"\" \/><\/p>\n<div>Eine der unterscheidenden Merkmale der SUPRA-Serie ist die \u00fcberlegene Leistung des Frontladers. Dank der Schaufel und der Ausbrechkraft des Arms der SUPRA-Serie f\u00f6rdert die Maschine die Last ohne hohe Belastung. Die Auslegerkonstruktion, die f\u00fcr schwere Bedingungen bestimmt ist, wurde f\u00fcr eine lange Lebensdauer entwickelt. Die 6-in-1-Ladeschaufel (1,1 m\u00b3 in der B Serie \u2013 1,2 m\u00b3 in der S-Serie) bietet hohe Ladeleistung. Dank der mit gro\u00dfer Sorgfalt entwickelten Schaufelform wird die effektive Nutzung der Schaufelkapazit\u00e4t erzielt. Die Absetzklinge, die mit einem Schraubensystem befestigt wurde, kann durch einfachen Austausch durch den Bediener und ohne Wartung doppelseitig verwendet werden. Die Gelenkverbindung an den Zylindern zum \u00d6ffnen und Schlie\u00dfen der Klaue verhindert Sch\u00e4den an den Zylindern, wenn sie w\u00e4hrend der Fahrt seitlichen Lasten ausgesetzt sind. Dank des proportionalen Steuerknopfs auf dem vorderen Steuerhebel kann der Bediener die Maschine leicht bedienen; die Klauengeschwindigkeit und der Winkel k\u00f6nnen einfach eingestellt werden.<\/div>\n<div>\n<p><strong>TIPSHIFT (Vorw\u00e4rts-R\u00fcckw\u00e4rts-Richtungssteuerung)<\/strong><\/p>\n<div>\n<div>\n<div>\n<div>\n<div>Die Vorw\u00e4rts-R\u00fcckw\u00e4rts-Richtungssteuerung am TIPSHIFT-Steuerhebel des Frontladers erm\u00f6glicht dem Fahrer ein schnelleres Man\u00f6vrieren w\u00e4hrend des Ladevorgangs. Dadurch soll der Bediener diese Kontrollen einfacher ausf\u00fchren und sich besser auf den Ladeprozess konzentrieren k\u00f6nnen.<\/div>\n<div><\/div>\n<div>Bei herk\u00f6mmlichen Ladearbeiten und Man\u00f6vern auf begrenztem Raum kann der Bediener sowohl Lader- als auch Vorw\u00e4rts-R\u00fcckw\u00e4rts-Befehle von einem einzigen Punkt aus ausf\u00fchren, ohne die Lenkradhandhabung dank der Verwendung der TIPSHIFT-Taste zu verlieren.<\/div>\n<div><\/div>\n<div>Sie bietet Arbeitssicherheit und Komfort, so dass der Bediener arbeiten kann, ohne den Kontakt mit Lenkrad und Laderegler zu unterbrechen.<\/div>\n<div><\/div>\n<div><strong>All diese feinen Einzelheiten und Innovationen sollen Ihnen Zeit- und Betriebskosten sparen.<br \/>\n<\/strong><br \/>\nAushub-, Abbau- oder Zerkleinerungsarbeiten&#8230;<img src=\"https:\/\/www.hidromek.com.tr\/upload\/urunler\/102%20B%20Supra\/HMK_Web_350x350_29.jpg\" alt=\"\" \/><\/p>\n<div>\n<div>Die Bagger der SUPRA-Serie, die f\u00fcr schwierige geographische Voraussetzungen und schwere Arbeitsbedingungen entwickelt wurden, erh\u00f6hen die Produktivit\u00e4t durch ihre solide Konstruktion und das optionale effiziente Hydrauliksystem, das selbst bei niedrigen Drehzahlen maximale Ausbrechkraft bietet und maximal 163 l \/ min \u00d6ldurchfluss f\u00f6rdert.<\/div>\n<div><\/div>\n<div>Die hinteren Joysticks, die bei SUPRA-Modellen optional sind, erm\u00f6glichen eine einfache Steuerung w\u00e4hrend Arbeiten wie Heben und Senken, die pr\u00e4zise Bedienhandlungen erfordern. Joystick-Konsolen, die unabh\u00e4ngig voneinander eingestellt werden k\u00f6nnen, sorgen f\u00fcr eine ergonomische Arbeitsumgebung.<\/div>\n<div><\/div>\n<div>Mit der SUPRA-Serie, die eine gute Sichtweite und ergonomische Arbeitsumgebung bietet, werden lange Aushubarbeiten zum Vergn\u00fcgen.<\/div>\n<div><\/div>\n<div>Die SUPRA-Serie mit ausgezeichneter Gewichtsverteilung und breiten Stabilisatoren bietet sicherere Aushubm\u00f6glichkeiten auf nassem Untergrund.\u00a0 \u00a0 Eine zus\u00e4tzliche Hydraulikleitung, die als Standardausr\u00fcstung f\u00fcr hydraulische Bremsen und Anbauger\u00e4te verwendet wird, verhindert nicht die Sichtweite w\u00e4hrend des Aushubs und wird bei tiefen Ausgrabungen nicht besch\u00e4digt.<\/div>\n<div><\/div>\n<div>Das D\u00e4mpfungssystem im Aushubzylinder mildert die Bewegungen an den Enden der H\u00fcbe, d\u00e4mpft den Aufprall und verl\u00e4ngert die Lebensdauer der Maschine.<\/div>\n<div><\/div>\n<div>Der Teleskoparm mit einer Aushubtiefe von bis zu 5,80 m. bietet einen Vorteil bei tiefen Ausgrabungen und Arbeiten, die eine gro\u00dfe Reichweite erfordern.<\/div>\n<div><\/div>\n<\/div>\n<div>\n<div>\n<div>\n<div>\n<div>\n<div>Was kann sch\u00f6ner sein als eine Arbeit, die ohne Probleme l\u00e4uft?<\/div>\n<\/div>\n<\/div>\n<\/div>\n<\/div>\n<\/div>\n<\/div>\n<\/div>\n<\/div>\n<\/div>\n<\/div>\n<\/div>\n<\/div>\n<\/div>\n<\/div>\n<\/div>\n<\/div>\n<\/div>\n<\/div>\n","protected":false},"excerpt":{"rendered":"<ul>\n<li>H\u00f6chstleistung: <strong> 74.5 kW &#8211; 100 HP<\/strong><\/li>\n<li>Schaufelausbrechkraft: <strong>7765 kgf<\/strong><\/li>\n<li>Schaufelkapazit\u00e4t: <strong>1.1 m\u00b3<\/strong><\/li>\n<li>Betriebsgewicht: <strong>9385 kg<\/strong><\/li>\n<\/ul>\n","protected":false},"featured_media":5774,"comment_status":"closed","ping_status":"closed","template":"","meta":[],"_links":{"self":[{"href":"https:\/\/www.niederpruem-gmbh.de\/index.php?rest_route=\/wp\/v2\/product\/5730"}],"collection":[{"href":"https:\/\/www.niederpruem-gmbh.de\/index.php?rest_route=\/wp\/v2\/product"}],"about":[{"href":"https:\/\/www.niederpruem-gmbh.de\/index.php?rest_route=\/wp\/v2\/types\/product"}],"replies":[{"embeddable":true,"href":"https:\/\/www.niederpruem-gmbh.de\/index.php?rest_route=%2Fwp%2Fv2%2Fcomments&post=5730"}],"wp:featuredmedia":[{"embeddable":true,"href":"https:\/\/www.niederpruem-gmbh.de\/index.php?rest_route=\/wp\/v2\/media\/5774"}],"wp:attachment":[{"href":"https:\/\/www.niederpruem-gmbh.de\/index.php?rest_route=%2Fwp%2Fv2%2Fmedia&parent=5730"}],"curies":[{"name":"wp","href":"https:\/\/api.w.org\/{rel}","templated":true}]}}