{"id":5726,"date":"2021-04-22T13:03:37","date_gmt":"2021-04-22T11:03:37","guid":{"rendered":"https:\/\/www.niederpruem-gmbh.de\/?post_type=product&#038;p=5726"},"modified":"2021-04-22T14:40:20","modified_gmt":"2021-04-22T12:40:20","slug":"hmk-62-ss","status":"publish","type":"product","link":"https:\/\/www.niederpruem-gmbh.de\/?product=hmk-62-ss","title":{"rendered":"HMK 62 SS"},"content":{"rendered":"<p><strong>HMK 62 SS<\/strong><\/p>\n<div><strong>Gro\u00dfe L\u00f6sung in einer kompakten Maschine &#8230;<br \/>\n<\/strong><br \/>\n<strong><img src=\"https:\/\/www.hidromek.com.tr\/upload\/UrunDuzSayfa\/HMK_Web_350x350_2_62SS.jpg\" alt=\"\" \/><\/strong><\/div>\n<div>\n<div>Das neue Mitglied der Baggerlader-Familie wurde auf der Grundlage von mehr als 35 Jahren Erfahrung von HIDROMEK entwickelt. Die HMK 62 SS wurde entwickelt, um Kundenerwartungen zu \u00fcbertreffen: Hohe Leistung, Vielseitigkeit, Bedienkomfort und Sicherheit.<\/div>\n<div>\n<p>HIDROMEK HMK 62 SS bietet dem Kunden eine kompakte, zuverl\u00e4ssige und starke Maschine, auch unter den h\u00e4rtesten Bedingungen und zu langen Arbeitszeiten.<\/p>\n<\/div>\n<div>\n<p>Mit einer einzigen Maschine k\u00f6nnen Sie alle Arbeiten erledigen, f\u00fcr die Sie sonst zwei verschiedene Maschinen ben\u00f6tigen, n\u00e4mlich einen Minibagger und einen Minilader. HMK 62 SS bietet Ihnen f\u00f6rderf\u00e4hige Investitionskosten und die M\u00f6glichkeit, weniger Zeit f\u00fcr mehr Arbeit aufzuwenden.<\/p>\n<\/div>\n<div>Die kompakte Gr\u00f6\u00dfe der Maschine, ihre F\u00e4higkeit, sich 360 Grad um die eigene Achse zu drehen, der Bananen-Ausleger des Baggers, die serienm\u00e4\u00dfigen zus\u00e4tzlichen Hilfshydraulikleitungen machen die HMK 62 SS ideal f\u00fcr den St\u00e4dtebau und f\u00fcr landwirtschaftliche Anwendungen, wo der Raum oft begrenzt ist.<\/div>\n<div>\n<div>\n<p><strong>Ger\u00e4umig und komfortabel<\/strong><\/p>\n<p>&nbsp;<\/p>\n<\/div>\n<\/div>\n<div>\n<div><strong>Kabineninnenraum<\/strong><\/div>\n<\/div>\n<div><\/div>\n<\/div>\n<div>\n<p><img src=\"https:\/\/www.hidromek.com.tr\/upload\/UrunDuzSayfa\/HMK_Web_350x350_3_62SS.jpg\" alt=\"\" \/><\/p>\n<div><\/div>\n<ul>\n<li><strong>Ergonomischer Fahrersitz<\/strong><\/li>\n<li><strong>Fortschrittliches Heiz- und K\u00fchlsystem (A \/ C)<\/strong><\/li>\n<li><strong>LCD-Informationsanzeige<\/strong><\/li>\n<li><strong>Monolithisches Heckfenster<\/strong><\/li>\n<li><strong>Klappbares Seitenfenster<\/strong><\/li>\n<li><strong>Radio und MP3-Player<\/strong><\/li>\n<li><strong>Ergonomische Joystick-Bedienelemente<\/strong><\/li>\n<li><strong>Innenraumbeleuchtung<\/strong><\/li>\n<li><strong>12-Volt-Steckdose<\/strong><\/li>\n<li><strong>Pers\u00f6nliche Staur\u00e4ume<\/strong><\/li>\n<li><strong>Fu\u00dfmatte<\/strong><\/li>\n<li><strong>Handgashebel<\/strong><\/li>\n<\/ul>\n<div><\/div>\n<div>\n<p><strong>LEISTUNGSSTARKER MOTOR, HERVORRAGENDE LEISTUNG!<\/strong><\/p>\n<p><strong><br \/>\n<img src=\"https:\/\/www.hidromek.com.tr\/upload\/urunler\/62%20SS\/HMK_Web_350x350_25.jpg\" alt=\"\" \/><\/strong><\/p>\n<div>\n<div><strong><br \/>\nMOTOR<\/strong><\/div>\n<div>\n<p>Das Herzst\u00fcck des Antriebsstrangs von HMK 62 SS ist der Turbodieselmotor KUBOTA, der mit der Abgasnorm EPA Tier 4 der USA und der Stufe III-A der Abgasnormen vereinbar ist. Dieser au\u00dfergew\u00f6hnliche Motor erzeugt 59 PS-Leistung, die h\u00f6chste seiner Klasse. Diese Kraft bietet hohe Leistung, schnelle Zykluszeiten und eine schnelle Reaktion, die Ihr Leben am Arbeitsplatz erleichtert.<\/p>\n<p><strong>HOHE EFFIZIENZ, CLEVERE WAHL.<\/strong><\/p>\n<\/div>\n<div><\/div>\n<div>\n<div>\n<div>\n<div><strong>Hydrauliksystem<\/strong><\/div>\n<div>\n<p>Die einfache und zuverl\u00e4ssige Zahnrad-Hydraulikpumpe sorgt f\u00fcr einen Hydraulikfluss von 61 l \/ min zu den Lader-, Bagger- und Hilfshydraulikleitungen. Dank des hocheffizienten Hydraulik\u00f6lk\u00fchlers arbeitet der HMK 62SS bei h\u00f6heren Umgebungstemperaturen l\u00e4nger und ist belastbarer.<\/p>\n<\/div>\n<div><strong>Hydaux<\/strong><\/div>\n<div>\n<p>Dank des HYDAUX-Systems ist es nicht notwendig, einen Knopf gedr\u00fcckt zu halten, um kontinuierlich Hydraulik\u00f6l an verschiedene optionale Anbauger\u00e4te an der Vorderseite zu leiten.<\/p>\n<\/div>\n<div><strong>Antriebsstrang<\/strong><\/div>\n<div>\n<p>Axialkolbenpumpen mit variabler Verdr\u00e4ngung werden durch den Motor angetrieben und versorgen die Antriebsmotoren mit Hydraulikdurchfluss. Die Antriebsmotoren \u00fcbertragen die mechanische Kraft an jeder Maschinenseite \u00fcber Hochleistungsketten auf die R\u00e4der.<\/p>\n<\/div>\n<div><strong>Leistungsschalter<\/strong><br \/>\nBei HMK 62 SS ist die doppelseitige Hilfshydraulikleitung f\u00fcr den Leistungsschalter serienm\u00e4\u00dfig.<\/div>\n<div><\/div>\n<p><strong>LADERLEISTUNG<\/strong><br \/>\n<strong><img src=\"https:\/\/www.hidromek.com.tr\/upload\/urunler\/62%20SS\/HMK_Web_350x350_26.jpg\" alt=\"\" \/><\/strong><\/p>\n<div>\n<div>\n<p>Eine der unterscheidenden Merkmale des HMK 62SS ist die \u00fcberlegene Leistung des Frontladers. Dank der Schaufel und der Ausbrechkraft des Arms bei HMK 62 SS f\u00f6rdert die Maschine die Last ohne hohe Belastung. Ferner erleichtert die einzigartige Form des Bananen-Auslegers die Arbeit an Orten mit meist begrenztem Bewegungsraum.<\/p>\n<\/div>\n<div>\n<p>Mit seiner hohen Man\u00f6vrierf\u00e4higkeit und dem Allradantrieb garantiert der HMK 62 SS eine hohe Leistung in urbanen Gebieten.<\/p>\n<\/div>\n<div>\n<p>Die 6-in-1-Ladeschaufel mit einem Fassungsverm\u00f6gen von 0,35 m3 gew\u00e4hrleistet eine hohe Ladeleistung. Dank der speziellen Schaufelform, die sorgf\u00e4ltig entworfen wurde, wird eine effektive Nutzung der Schaufelkapazit\u00e4t erzielt.<\/p>\n<\/div>\n<div>\n<p>Die Maschinenrichtung wird \u00fcber den Joystick auf der linken Seite des Fahrersitzes gesteuert. Der Joystick auf der rechten Seite des Sitzes erlaubt es dem Fahrer, Ladearbeiten pr\u00e4zise auszuf\u00fchren.<\/p>\n<\/div>\n<div>Die Adapter der Schnellkupplung am Frontausleger verk\u00fcrzen die Schaltzeit des Anbauger\u00e4tes, so dass die Maschine l\u00e4nger im Einsatz bleiben kann, wodurch die Produktivit\u00e4t erh\u00f6ht wird.<\/div>\n<div><\/div>\n<\/div>\n<div><em><strong>Alles was Sie von einem Minilader erwarten und mehr &#8230;<\/strong><br \/>\n<\/em><br \/>\n<strong>BAGGERLEISTUNG<\/strong><br \/>\n<strong><img src=\"https:\/\/www.hidromek.com.tr\/upload\/urunler\/62%20SS\/HMK_Web_350x350_24B.jpg\" alt=\"\" \/><\/strong><\/p>\n<div>\n<div>\n<p>Der HMK 62 SS Bagger wurde f\u00fcr Arbeiten unter schweren Bedingungen in urbanen Gegenden entwickelt. Er bietet pr\u00e4zise Aushebem\u00f6glichkeiten in begrenzten Fl\u00e4chen.<\/p>\n<\/div>\n<div>\n<p>Die einfache und zuverl\u00e4ssige Zahnrad-Hydraulikpumpe bietet eine maximale Ausbrechkraft auch bei niedrigen Drehzahlen und hat einen maximalen \u00d6ldurchfluss von 61 l \/ min.<\/p>\n<\/div>\n<div>\n<p>Wenn der Fahrer seinen Sitz in die Aushubposition dreht, werden die Joysticks am Sitz zum Zwecke der Steuerung des Baggers verschoben, sodass der Fahrer eine optimale ergonomische Haltung bewahren kann.<\/p>\n<\/div>\n<div>\n<p>Optionaler Schalter und Teleskoparm k\u00f6nnen mit einem Knopf am Joystick gesteuert werden.<\/p>\n<\/div>\n<div>\n<p>Die Heckscheibe kann einfach monolithisch ge\u00f6ffnet werden und bietet dem Fahrer eine hervorragende Sicht. Dank der zus\u00e4tzlichen Taste an der Seitenkonsole kann der Fahrer die Maschine in Aushubposition vorw\u00e4rts und r\u00fcckw\u00e4rts bewegen, wodurch die Produktivit\u00e4t erh\u00f6ht wird.<\/p>\n<\/div>\n<div><strong>Alle diese feinen Einzelheiten wurden ber\u00fccksichtigt, damit Sie in urbanen Gebieten viel produktiver und bequemer arbeiten k\u00f6nnen<\/strong>.<\/div>\n<\/div>\n<\/div>\n<\/div>\n<\/div>\n<\/div>\n<\/div>\n<\/div>\n<\/div>\n","protected":false},"excerpt":{"rendered":"<div class=\"product\">\n<div class=\"product\">\n<ul>\n<li>Maximale Leistung: <strong> 48,6 kW &#8211; 61,5 HP<\/strong><\/li>\n<li>Schaufelausbrechkraft: <strong>2883 kgf<\/strong><\/li>\n<li>Schaufelkapazit\u00e4t: <strong>0.35 m\u00b3<\/strong><\/li>\n<li>Betriebsgewicht: <strong>3875 kg<\/strong><\/li>\n<\/ul>\n<\/div>\n<\/div>\n","protected":false},"featured_media":5738,"comment_status":"closed","ping_status":"closed","template":"","meta":[],"_links":{"self":[{"href":"https:\/\/www.niederpruem-gmbh.de\/index.php?rest_route=\/wp\/v2\/product\/5726"}],"collection":[{"href":"https:\/\/www.niederpruem-gmbh.de\/index.php?rest_route=\/wp\/v2\/product"}],"about":[{"href":"https:\/\/www.niederpruem-gmbh.de\/index.php?rest_route=\/wp\/v2\/types\/product"}],"replies":[{"embeddable":true,"href":"https:\/\/www.niederpruem-gmbh.de\/index.php?rest_route=%2Fwp%2Fv2%2Fcomments&post=5726"}],"wp:featuredmedia":[{"embeddable":true,"href":"https:\/\/www.niederpruem-gmbh.de\/index.php?rest_route=\/wp\/v2\/media\/5738"}],"wp:attachment":[{"href":"https:\/\/www.niederpruem-gmbh.de\/index.php?rest_route=%2Fwp%2Fv2%2Fmedia&parent=5726"}],"curies":[{"name":"wp","href":"https:\/\/api.w.org\/{rel}","templated":true}]}}