{"id":5644,"date":"2021-05-24T21:01:28","date_gmt":"2021-05-24T19:01:28","guid":{"rendered":"http:\/\/www.niederpruem-gmbh.de\/?post_type=product&#038;p=5644"},"modified":"2021-05-24T21:01:28","modified_gmt":"2021-05-24T19:01:28","slug":"hmk-mg-330","status":"publish","type":"product","link":"https:\/\/www.niederpruem-gmbh.de\/?product=hmk-mg-330","title":{"rendered":"HMK MG 330"},"content":{"rendered":"<p><strong>HMK MG 330<\/strong><\/p>\n<div><strong>Ihr zuverl\u00e4ssiger Gesch\u00e4ftspartner!<br \/>\n<\/strong><\/div>\n<div>\n<div>HIDROMEK stellt stolz die HIDROMEK Motorgrader Modelle MG 330 vor, deren Haltbarkeit und Leistung sich in vielen M\u00e4rkten bew\u00e4hrt haben. Gebaut, um fast jede Aufgabe zu erledigen &#8211; Pr\u00e4zisionsarbeit, Auflockerung, Bankette-Abtragung, Grabenarbeiten. Der saubere und leistungsf\u00e4hige turbogeladene Dieselmotor ist f\u00fcr den MG 330 angepasst worden und stellt zuverl\u00e4ssiges Arbeiten unter den h\u00e4rtesten Bedingungen sicher. Das duale unabh\u00e4ngige Bremssystem sorgt daf\u00fcr, dass der MG 330 Motorgrader jederzeit sofort gestoppt werden, w\u00e4hrend die Kabine vollst\u00e4ndig auf die Bed\u00fcrfnisse der Fahrer ausgelegt ist.<\/div>\n<div><\/div>\n<div>\n<p>MG 330 bietet maximale Produktivit\u00e4t und Haltbarkeit<\/p>\n<\/div>\n<div><strong>Streichblech (Klinge)<br \/>\n<\/strong><\/div>\n<div>Optional mit einem Kippzylinder ausgestattet, verf\u00fcgt die Klinge \u00fcber eine hervorragende Walzleistung, die eine Vielzahl von Arbeitsg\u00e4ngen erm\u00f6glicht, die von der Nivellierung von Sand bis hin zum Mischen, Planieren und Graben oder dem Entfernen von Schnee und Eis reicht. Schneidkanten und Endbits sind verf\u00fcgbar, um die maximale Lebensdauer zu erhalten.<\/div>\n<\/div>\n<div><\/div>\n<div><\/div>\n<div>\n<div><strong>Rahmenstruktur (hochfester Hauptrahmen)<br \/>\n<\/strong><\/div>\n<div>Die Computersimulationen und tats\u00e4chlichen Feldtests wurden verwendet, um den hochfesten Hauptrahmen des MG 330 zu entwickeln. Das Design bietet erh\u00f6hte Haltbarkeit und lange Lebensdauer. Die Haltbarkeit der Rahmenstruktur wird von den globalen Benutzern gut angenommen.<\/div>\n<\/div>\n<div><\/div>\n<div><\/div>\n<div><\/div>\n<div>\n<div>\n<p><strong>Motor<\/strong><\/p>\n<p>EngineLong life, der bew\u00e4hrte Motor von Mitsubishi erf\u00fcllt mit seiner \u00fcberlegenen St\u00e4rke und der Drehmoment-Kombination die Bed\u00fcrfnisse der Kunden. Es kann unter schwierigen Umgebungsbedingungen ohne h\u00e4ufige Wartung betrieben werden.<\/p>\n<\/div>\n<div><strong>Klinge-Rutsch-Kupplung<br \/>\n<\/strong><\/div>\n<div>Der MG 330 verf\u00fcgt \u00fcber eine optionale Klinge-Rutsch-Kupplung, ein alternatives Kupplungssystem zum herk\u00f6mmlichen Scherbolzenmechanismus. Die Kupplung des MG 330 kann rutschen, wenn eine ungew\u00f6hnlich starke \u00e4u\u00dfere Kraft auf die Klinge ausge\u00fcbt wird, um einen vollst\u00e4ndigen Schutz gegen zerst\u00f6rende \u00dcberlastung zu bieten. Bitte beachten Sie, dass das Rotationsmoment der Klinge f\u00fcr optimale Leistung eingestellt werden kann, was zu einer h\u00f6heren Arbeitseffizienz beitr\u00e4gt.<\/div>\n<\/div>\n","protected":false},"excerpt":{"rendered":"<div class=\"product\">\n<ul>\n<li>Nennleistung: <strong>101 kW &#8211; 135 HP<\/strong><\/li>\n<li>Maximales Drehmoment: <strong>608 Nm <\/strong><\/li>\n<li>Schild L\u00e4nge : <strong>3.71 m<\/strong><\/li>\n<li>Betriebsgewicht: <strong>13.400 kg<\/strong><\/li>\n<\/ul>\n<\/div>\n","protected":false},"featured_media":5804,"comment_status":"closed","ping_status":"closed","template":"","meta":[],"_links":{"self":[{"href":"https:\/\/www.niederpruem-gmbh.de\/index.php?rest_route=\/wp\/v2\/product\/5644"}],"collection":[{"href":"https:\/\/www.niederpruem-gmbh.de\/index.php?rest_route=\/wp\/v2\/product"}],"about":[{"href":"https:\/\/www.niederpruem-gmbh.de\/index.php?rest_route=\/wp\/v2\/types\/product"}],"replies":[{"embeddable":true,"href":"https:\/\/www.niederpruem-gmbh.de\/index.php?rest_route=%2Fwp%2Fv2%2Fcomments&post=5644"}],"wp:featuredmedia":[{"embeddable":true,"href":"https:\/\/www.niederpruem-gmbh.de\/index.php?rest_route=\/wp\/v2\/media\/5804"}],"wp:attachment":[{"href":"https:\/\/www.niederpruem-gmbh.de\/index.php?rest_route=%2Fwp%2Fv2%2Fmedia&parent=5644"}],"curies":[{"name":"wp","href":"https:\/\/api.w.org\/{rel}","templated":true}]}}