{"id":5637,"date":"2021-01-27T14:14:41","date_gmt":"2021-01-27T13:14:41","guid":{"rendered":"http:\/\/www.niederpruem-gmbh.de\/?post_type=product&#038;p=5637"},"modified":"2021-01-27T14:14:41","modified_gmt":"2021-01-27T13:14:41","slug":"hmk-640-wl","status":"publish","type":"product","link":"https:\/\/www.niederpruem-gmbh.de\/?product=hmk-640-wl","title":{"rendered":"HMK 640 WL"},"content":{"rendered":"<div id=\"genel-bilgi\" class=\"tabs-content ui-tabs-panel ui-widget-content ui-corner-bottom\" role=\"tabpanel\" aria-labelledby=\"ui-id-1\" aria-hidden=\"false\">\n<p><strong>HMK 640 WL<\/strong><\/p>\n<div>Der HMK 640 WL mit 26,3 Tonnen Betriebsgewicht und 4,2 m\u00b3 Schaufelinhalt mit seinem Mercedes-Motor mit 324 PS und 1600 Nm Drehmoment bietet dem Anwender in kurzer Zeit eine hohe Ladekapazit\u00e4t bei geringem Kraftstoffverbrauch. Der Schwerlastlader HMK 640 WL bietet eine hohe Ausbrechkraft und eine hervorragende Steuerungsf\u00e4higkeit. Mit seinen Achsen und Komponenten, die speziell f\u00fcr anspruchsvolle Arbeitsbedingungen entwickelt wurden, bietet er eine langj\u00e4hrige Strapazier- und Leistungsf\u00e4higkeit. Mit seiner ergonomischen Bedienkabine mit ROPS \/ FOPS-Zertifikaten stehen Komfort und hohe Sicherheit im Vordergrund. Dar\u00fcber hinaus bietet er mit seiner 35-Grad-Kippfunktion eine einfache Bedienbarkeit. Der Radlader HMK 640 WL, der mit internationalen Designpreisen wie dem Reddot Award, dem Deutschen Designpreis, dem Good Design und dem Automotive Brand Contest ausgezeichnet wurde, wird h\u00e4ufig im Bergbau und Steinbruchbetrieb, in Betonwerken und f\u00fcr industrielle Anwendungen eingesetzt.<\/div>\n<\/div>\n","protected":false},"excerpt":{"rendered":"<div class=\"all-products\">\n<div class=\"product\">\n<ul>\n<li>Max. Power: <strong>242 kW &#8211; 324 HP<\/strong><\/li>\n<li>Max. Breakout Force: <strong>19975 kgf<\/strong><\/li>\n<li>Bucket Capacity: <strong>4.2 m\u00b3<\/strong><\/li>\n<li>Operating Weight: <strong>26.300 kg<\/strong><\/li>\n<\/ul>\n<\/div>\n<\/div>\n","protected":false},"featured_media":5638,"comment_status":"closed","ping_status":"closed","template":"","meta":[],"_links":{"self":[{"href":"https:\/\/www.niederpruem-gmbh.de\/index.php?rest_route=\/wp\/v2\/product\/5637"}],"collection":[{"href":"https:\/\/www.niederpruem-gmbh.de\/index.php?rest_route=\/wp\/v2\/product"}],"about":[{"href":"https:\/\/www.niederpruem-gmbh.de\/index.php?rest_route=\/wp\/v2\/types\/product"}],"replies":[{"embeddable":true,"href":"https:\/\/www.niederpruem-gmbh.de\/index.php?rest_route=%2Fwp%2Fv2%2Fcomments&post=5637"}],"wp:featuredmedia":[{"embeddable":true,"href":"https:\/\/www.niederpruem-gmbh.de\/index.php?rest_route=\/wp\/v2\/media\/5638"}],"wp:attachment":[{"href":"https:\/\/www.niederpruem-gmbh.de\/index.php?rest_route=%2Fwp%2Fv2%2Fmedia&parent=5637"}],"curies":[{"name":"wp","href":"https:\/\/api.w.org\/{rel}","templated":true}]}}