{"id":5558,"date":"2021-01-26T15:36:55","date_gmt":"2021-01-26T14:36:55","guid":{"rendered":"http:\/\/www.niederpruem-gmbh.de\/?post_type=product&#038;p=5558"},"modified":"2021-01-26T15:36:55","modified_gmt":"2021-01-26T14:36:55","slug":"hmk-230-lclr","status":"publish","type":"product","link":"https:\/\/www.niederpruem-gmbh.de\/?product=hmk-230-lclr","title":{"rendered":"HMK 230 LCLR"},"content":{"rendered":"<p><strong>HMK 230 LCLR<\/strong><\/p>\n<div>HIDROMEK, die L\u00f6sungen f\u00fcr verschiedene Arten von Anwendungen findet, erf\u00fcllt die Erwartungen der Kunden in diesem Segment mit seinem Spezialmodell HMK 230 LCLR f\u00fcr Grabenreinigung und Sandgruben. Die H4-Baureihe HMK 230 LCLR bietet Innovationen wie verbesserte Leistung, einfache Steuerung und Vielseitigkeit. Sie erm\u00f6glicht dem Fahrer eine perfekte Befehlsf\u00e4higkeit und Zuverl\u00e4ssigkeit und gew\u00e4hrleistet geringen Treibstoffverbrauch, einfache Wartung und Bedienkomfort. Zusammen mit anderen Ger\u00e4ten ist sie die Marktf\u00fchrerin ihrer Klasse.<\/div>\n","protected":false},"excerpt":{"rendered":"<div class=\"product\">\n<ul>\n<li>H\u00f6chstleistung : <strong>128 kW &#8211; 172 HP <\/strong><\/li>\n<li>Grabweite auf Bodenh\u00f6he: <strong>15.07 m<\/strong><\/li>\n<li>Maximale Grabtiefe: <strong>11.45m<\/strong><\/li>\n<li>Betriebsgewicht: <strong>25.750 kg<\/strong><\/li>\n<\/ul>\n<\/div>\n","protected":false},"featured_media":5559,"comment_status":"closed","ping_status":"closed","template":"","meta":[],"_links":{"self":[{"href":"https:\/\/www.niederpruem-gmbh.de\/index.php?rest_route=\/wp\/v2\/product\/5558"}],"collection":[{"href":"https:\/\/www.niederpruem-gmbh.de\/index.php?rest_route=\/wp\/v2\/product"}],"about":[{"href":"https:\/\/www.niederpruem-gmbh.de\/index.php?rest_route=\/wp\/v2\/types\/product"}],"replies":[{"embeddable":true,"href":"https:\/\/www.niederpruem-gmbh.de\/index.php?rest_route=%2Fwp%2Fv2%2Fcomments&post=5558"}],"wp:featuredmedia":[{"embeddable":true,"href":"https:\/\/www.niederpruem-gmbh.de\/index.php?rest_route=\/wp\/v2\/media\/5559"}],"wp:attachment":[{"href":"https:\/\/www.niederpruem-gmbh.de\/index.php?rest_route=%2Fwp%2Fv2%2Fmedia&parent=5558"}],"curies":[{"name":"wp","href":"https:\/\/api.w.org\/{rel}","templated":true}]}}