{"id":5556,"date":"2021-01-26T15:30:05","date_gmt":"2021-01-26T14:30:05","guid":{"rendered":"http:\/\/www.niederpruem-gmbh.de\/?post_type=product&#038;p=5556"},"modified":"2021-01-26T15:30:05","modified_gmt":"2021-01-26T14:30:05","slug":"hmk-210-wmh","status":"publish","type":"product","link":"https:\/\/www.niederpruem-gmbh.de\/?product=hmk-210-wmh","title":{"rendered":"HMK 210 WMH"},"content":{"rendered":"<p><strong>HMK 210 WMH<\/strong><\/p>\n<div>HIDROMEK, die L\u00f6sungen f\u00fcr verschiedene Arten von Anwendungen findet, erf\u00fcllt die Erwartungen der Kunden in diesem Segment mit seinem Spezialmodell HMK 210 WMH f\u00fcr R\u00fcckgewinnungs-, Industrie- und Materialumschlaganlagen. Die H4-Baureihe 210 W MH bietet Innovationen wie verbesserte Leistung, einfache Steuerung und Vielseitigkeit. Sie erm\u00f6glicht dem Fahrer eine perfekte Befehlsf\u00e4higkeit und Zuverl\u00e4ssigkeit und gew\u00e4hrleistet geringen Treibstoffverbrauch, einfache Wartung und Bedienkomfort. Zusammen mit anderen Ger\u00e4ten ist sie die Marktf\u00fchrerin ihrer Klasse.<\/div>\n","protected":false},"excerpt":{"rendered":"<div class=\"product\">\n<ul>\n<li>H\u00f6chstleistung: <strong>128.4 kW &#8211; 172 HP<\/strong><\/li>\n<li>Cab Rising Height: <strong>2.4 m<\/strong><\/li>\n<li>Reichweite auf Bodenh\u00f6he: <strong>11.02 m<\/strong><\/li>\n<li>Betriebsgewicht: <strong>23.550 kg<\/strong><\/li>\n<\/ul>\n<\/div>\n","protected":false},"featured_media":5557,"comment_status":"closed","ping_status":"closed","template":"","meta":[],"_links":{"self":[{"href":"https:\/\/www.niederpruem-gmbh.de\/index.php?rest_route=\/wp\/v2\/product\/5556"}],"collection":[{"href":"https:\/\/www.niederpruem-gmbh.de\/index.php?rest_route=\/wp\/v2\/product"}],"about":[{"href":"https:\/\/www.niederpruem-gmbh.de\/index.php?rest_route=\/wp\/v2\/types\/product"}],"replies":[{"embeddable":true,"href":"https:\/\/www.niederpruem-gmbh.de\/index.php?rest_route=%2Fwp%2Fv2%2Fcomments&post=5556"}],"wp:featuredmedia":[{"embeddable":true,"href":"https:\/\/www.niederpruem-gmbh.de\/index.php?rest_route=\/wp\/v2\/media\/5557"}],"wp:attachment":[{"href":"https:\/\/www.niederpruem-gmbh.de\/index.php?rest_route=%2Fwp%2Fv2%2Fmedia&parent=5556"}],"curies":[{"name":"wp","href":"https:\/\/api.w.org\/{rel}","templated":true}]}}