{"id":5446,"date":"2021-01-25T13:54:57","date_gmt":"2021-01-25T12:54:57","guid":{"rendered":"http:\/\/www.niederpruem-gmbh.de\/?post_type=product&#038;p=5446"},"modified":"2021-01-26T14:56:21","modified_gmt":"2021-01-26T13:56:21","slug":"hmk-310-lc","status":"publish","type":"product","link":"https:\/\/www.niederpruem-gmbh.de\/?product=hmk-310-lc","title":{"rendered":"HMK 310 LC"},"content":{"rendered":"<div id=\"genel-bilgi\" class=\"tabs-content ui-tabs-panel ui-widget-content ui-corner-bottom\" role=\"tabpanel\" aria-labelledby=\"ui-id-1\" aria-hidden=\"false\">\n<p><strong>HMK 310 LC<\/strong><\/p>\n<div>\n<div><strong>Neue H4-Serie<\/strong><\/div>\n<div><strong>Innovation aus Erfahrung<\/strong><\/div>\n<div><\/div>\n<div>Die neuen Bagger der H4-Serie von H\u0130DROMEK werden mit einem hochmodernen Hydrauliksystemdesign hergestellt und bieten eine hervorragende Leistung, da sie schneller, produktiver und effizienter arbeiten. Die Bagger der H4-Serie leisten mehr Arbeit bei geringerem Kraftstoffverbrauch und sind daher f\u00fcr ihre Benutzer profitabler denn je.<\/div>\n<div><\/div>\n<div>Mehr Arbeit in weniger Zeit<\/div>\n<div><\/div>\n<div><strong>17% mehr produktiv<\/strong><\/div>\n<div>Die H4-Serie verk\u00fcrzt die Arbeitszykluszeit mit gr\u00f6\u00dferer L\u00f6ffelkapazit\u00e4t und &#8211; geschwindigkeit und treibt mit ihrer neuen Technologie die Produktivit\u00e4t auf h\u00f6chstes Niveau.<\/div>\n<div><\/div>\n<div><strong>7% mehr effizient<\/strong><\/div>\n<div>Mit Verbesserungen an der Anbauger\u00e4te- und Hydraulikgruppe erledigen die Bagger der H4-Serie mehr Arbeit in k\u00fcrzerer Zeit.<\/div>\n<div><\/div>\n<div><strong>10 % schneller<\/strong><\/div>\n<div>Mit schnelleren hydraulischen Bewegungen aufgrund des modernen Hydrauliksystemdesigns erledigen die Bagger der H4-Serie mehr Arbeit in k\u00fcrzerer Zeit.<\/div>\n<div><\/div>\n<div><strong>Mehr Haltbar<\/strong><\/div>\n<div>Die Bagger von H\u0130DROMEK werden mit einer verst\u00e4rkten Schwerlastkonstruktion hergestellt, die maximale Leistung, lange Lebensdauer und reibungslosen Betrieb unter schweren Einsatzbedingungen ber\u00fccksichtigt. Mit den Verbesserungen der neuen H4-Serie sind die Bagger haltbarer. Mit ihrer verst\u00e4rkten Schwerlastkonstruktion, die in den modernen Produktionsst\u00e4tten von H\u0130DROMEK hergestellt wird und die sensible Qualit\u00e4tskontrollprozesse durchl\u00e4uft, verf\u00fcgen die Bagger der H4-Serie \u00fcber eine ausgezeichnete Haltbarkeit.<\/div>\n<div><\/div>\n<div>*Die Daten werden im Vergleich zur vorherigen Serie im HP-Modus erstellt.<\/div>\n<\/div>\n<\/div>\n","protected":false},"excerpt":{"rendered":"<div class=\"product\">\n<ul>\n<li>H\u00f6chstleistung: <strong>161 kW &#8211; 216 HP<\/strong><\/li>\n<li>Schaufel-Grabkraft (ISO): <strong>21.500 kgf<\/strong><\/li>\n<li>Schaufelkapazit\u00e4t: <strong>1.6 m\u00b3<\/strong><\/li>\n<li>Betriebsgewicht: <strong>32.100 kg<\/strong><\/li>\n<\/ul>\n<\/div>\n","protected":false},"featured_media":5545,"comment_status":"closed","ping_status":"closed","template":"","meta":[],"_links":{"self":[{"href":"https:\/\/www.niederpruem-gmbh.de\/index.php?rest_route=\/wp\/v2\/product\/5446"}],"collection":[{"href":"https:\/\/www.niederpruem-gmbh.de\/index.php?rest_route=\/wp\/v2\/product"}],"about":[{"href":"https:\/\/www.niederpruem-gmbh.de\/index.php?rest_route=\/wp\/v2\/types\/product"}],"replies":[{"embeddable":true,"href":"https:\/\/www.niederpruem-gmbh.de\/index.php?rest_route=%2Fwp%2Fv2%2Fcomments&post=5446"}],"wp:featuredmedia":[{"embeddable":true,"href":"https:\/\/www.niederpruem-gmbh.de\/index.php?rest_route=\/wp\/v2\/media\/5545"}],"wp:attachment":[{"href":"https:\/\/www.niederpruem-gmbh.de\/index.php?rest_route=%2Fwp%2Fv2%2Fmedia&parent=5446"}],"curies":[{"name":"wp","href":"https:\/\/api.w.org\/{rel}","templated":true}]}}