{"id":5444,"date":"2021-01-25T13:52:48","date_gmt":"2021-01-25T12:52:48","guid":{"rendered":"http:\/\/www.niederpruem-gmbh.de\/?post_type=product&#038;p=5444"},"modified":"2021-01-26T14:38:18","modified_gmt":"2021-01-26T13:38:18","slug":"hmk-230-lc","status":"publish","type":"product","link":"https:\/\/www.niederpruem-gmbh.de\/?product=hmk-230-lc","title":{"rendered":"HMK 230 LC"},"content":{"rendered":"<p><strong>HMK 230 LC<\/strong><\/p>\n<div><strong>Neue H4-Serie<br \/>\nInnovation aus Erfahrung<br \/>\n<\/strong><br \/>\nDie neuen Bagger der H4-Serie von H\u0130DROMEK werden mit einem hochmodernen Hydrauliksystemdesign hergestellt und bieten eine hervorragende Leistung, da sie schneller, produktiver und effizienter arbeiten. Die Bagger der H4-Serie leisten mehr Arbeit bei geringerem Kraftstoffverbrauch und sind daher f\u00fcr ihre Benutzer profitabler denn je.<\/p>\n<div>\n<p><strong>Mehr Arbeit in weniger Zeit<\/strong><\/p>\n<p>&nbsp;<\/p>\n<\/div>\n<div><strong>17% mehr produktiv<\/strong><\/div>\n<div>\n<p>Die H4-Serie verk\u00fcrzt die Arbeitszykluszeit mit gr\u00f6\u00dferer L\u00f6ffelkapazit\u00e4t und &#8211; geschwindigkeit und treibt mit ihrer neuen Technologie die Produktivit\u00e4t auf h\u00f6chstes Niveau.<\/p>\n<\/div>\n<div><strong>21% mehr effizient<\/strong><\/div>\n<div>\n<p>Mit Verbesserungen an der Anbauger\u00e4te- und Hydraulikgruppe erledigen die Bagger der H4-Serie mehr Arbeit in k\u00fcrzerer Zeit.<\/p>\n<\/div>\n<div><strong>7 % schneller<\/strong><\/div>\n<div>\n<p>Mit schnelleren hydraulischen Bewegungen aufgrund des modernen Hydrauliksystemdesigns erledigen die Bagger der H4-Serie mehr Arbeit in k\u00fcrzerer Zeit.<\/p>\n<p><strong>Mehr Haltbar<\/strong><\/p>\n<div>\n<p>Die Bagger von H\u0130DROMEK werden mit einer verst\u00e4rkten Schwerlastkonstruktion hergestellt, die maximale Leistung, lange Lebensdauer und reibungslosen Betrieb unter schweren Einsatzbedingungen ber\u00fccksichtigt. Mit den Verbesserungen der neuen H4-Serie sind die Bagger haltbarer.\u00a0Mit ihrer verst\u00e4rkten Schwerlastkonstruktion, die in den modernen Produktionsst\u00e4tten von H\u0130DROMEK hergestellt wird und die sensible Qualit\u00e4tskontrollprozesse durchl\u00e4uft, verf\u00fcgen die Bagger der H4-Serie \u00fcber eine ausgezeichnete Haltbarkeit.<\/p>\n<\/div>\n<p>*<em>Die Daten werden im Vergleich zur vorherigen Serie im HP-Modus erstellt.<\/em><\/p>\n<\/div>\n<\/div>\n","protected":false},"excerpt":{"rendered":"<div class=\"product\">\n<ul>\n<li>H\u00f6chstleistung : <strong>128 kW &#8211; 172 HP<\/strong><\/li>\n<li>Schaufel-Grabkraft (ISO): <strong>15.900 kgf<\/strong><\/li>\n<li>Schaufelkapazit\u00e4t: <strong>1.10 m\u00b3<\/strong><\/li>\n<li>Betriebsgewicht: <strong>23.650 kg<\/strong><\/li>\n<\/ul>\n<p>F\u00fcr mehr Informationen, bitte klicken&#8230;<\/p>\n<\/div>\n","protected":false},"featured_media":5541,"comment_status":"closed","ping_status":"closed","template":"","meta":[],"_links":{"self":[{"href":"https:\/\/www.niederpruem-gmbh.de\/index.php?rest_route=\/wp\/v2\/product\/5444"}],"collection":[{"href":"https:\/\/www.niederpruem-gmbh.de\/index.php?rest_route=\/wp\/v2\/product"}],"about":[{"href":"https:\/\/www.niederpruem-gmbh.de\/index.php?rest_route=\/wp\/v2\/types\/product"}],"replies":[{"embeddable":true,"href":"https:\/\/www.niederpruem-gmbh.de\/index.php?rest_route=%2Fwp%2Fv2%2Fcomments&post=5444"}],"wp:featuredmedia":[{"embeddable":true,"href":"https:\/\/www.niederpruem-gmbh.de\/index.php?rest_route=\/wp\/v2\/media\/5541"}],"wp:attachment":[{"href":"https:\/\/www.niederpruem-gmbh.de\/index.php?rest_route=%2Fwp%2Fv2%2Fmedia&parent=5444"}],"curies":[{"name":"wp","href":"https:\/\/api.w.org\/{rel}","templated":true}]}}